{"id":51,"date":"2018-02-18T03:05:16","date_gmt":"2018-02-18T03:05:16","guid":{"rendered":"https:\/\/svetaobitelj.hr?page_id=51"},"modified":"2023-05-31T07:57:30","modified_gmt":"2023-05-31T06:57:30","slug":"zpv","status":"publish","type":"page","link":"https:\/\/svetaobitelj.hr\/?page_id=51","title":{"rendered":"\u017dPV"},"content":{"rendered":"<p>\u010cLANOVI \u017dPV-a do 01. travnja 2027.:<\/p>\n<blockquote><p>1. fra Dragutin Bedeni\u010di\u0107, \u017eupnik, r. 1967., Pa\u0161ka 35 a<br \/>\n<em>Odbor za navije\u0161tanje:<\/em><br \/>\n2. Stipe Crnkovi\u0107, umirovljeni branitelj, r. 1969., Trpanjska 7<br \/>\n3. Marija Grahovac, vjerou\u010diteljica, r. 1966., Trpanjska 1<br \/>\n4. Nikolina Janc, mag. engleskog i njema\u010dkog jezika, r. 1980., Rapska 65<br \/>\n<em>Odbor za liturgijski i molitveni \u017eivot:<\/em><br \/>\n5. Ana Erkapi\u0107, mag. sestrinstva, r. 1994., Plitvi\u010dka 1<br \/>\n6. Branka Skorup, upravni referent, r.1989., Lovranska 8<br \/>\n7. s. Helena Bakula, katehistkinja, r. 1959., Bakarska 1<br \/>\n8. Miroslav Mlinarevi\u0107, strojarski ing., r. 1978., Kvarnerska 1<br \/>\n<em>Odbor za karitativno djelovanje:<\/em><br \/>\n9. Mirta Jakovac, dipl. ekonomist, r. 1970., Trogirska 21<br \/>\n10. Josip Male\u0161, lije\u010dnik, r. 1960., Bra\u010dka 138b<br \/>\n11. Tatjana \u0160arga\u010d, administrator, r. 1980., Bra\u010dka 16 a<\/p><\/blockquote>\n","protected":false},"excerpt":{"rendered":"<p>\u010cLANOVI \u017dPV-a do 01. travnja 2027.: 1. fra Dragutin Bedeni\u010di\u0107, \u017eupnik, r. 1967., Pa\u0161ka 35 a Odbor za navije\u0161tanje: 2. Stipe Crnkovi\u0107, umirovljeni branitelj, r. 1969., Trpanjska 7 3. Marija Grahovac, vjerou\u010diteljica, r. 1966., Trpanjska 1 4. Nikolina Janc, mag. engleskog i njema\u010dkog jezika, r. 1980., Rapska 65 Odbor za liturgijski i molitveni \u017eivot: 5. <a href=\"https:\/\/svetaobitelj.hr\/?page_id=51\" class=\"more-link\">[&hellip;]<\/a><\/p>\n","protected":false},"author":2,"featured_media":0,"parent":0,"menu_order":0,"comment_status":"closed","ping_status":"closed","template":"","meta":{"footnotes":""},"class_list":["entry","author-","post-51","page","type-page","status-publish"],"_links":{"self":[{"href":"https:\/\/svetaobitelj.hr\/index.php?rest_route=\/wp\/v2\/pages\/51","targetHints":{"allow":["GET"]}}],"collection":[{"href":"https:\/\/svetaobitelj.hr\/index.php?rest_route=\/wp\/v2\/pages"}],"about":[{"href":"https:\/\/svetaobitelj.hr\/index.php?rest_route=\/wp\/v2\/types\/page"}],"author":[{"embeddable":true,"href":"https:\/\/svetaobitelj.hr\/index.php?rest_route=\/wp\/v2\/users\/2"}],"replies":[{"embeddable":true,"href":"https:\/\/svetaobitelj.hr\/index.php?rest_route=%2Fwp%2Fv2%2Fcomments&post=51"}],"version-history":[{"count":11,"href":"https:\/\/svetaobitelj.hr\/index.php?rest_route=\/wp\/v2\/pages\/51\/revisions"}],"predecessor-version":[{"id":2790,"href":"https:\/\/svetaobitelj.hr\/index.php?rest_route=\/wp\/v2\/pages\/51\/revisions\/2790"}],"wp:attachment":[{"href":"https:\/\/svetaobitelj.hr\/index.php?rest_route=%2Fwp%2Fv2%2Fmedia&parent=51"}],"curies":[{"name":"wp","href":"https:\/\/api.w.org\/{rel}","templated":true}]}}