{"id":24,"date":"2018-02-16T14:14:04","date_gmt":"2018-02-16T14:14:04","guid":{"rendered":"https:\/\/svetaobitelj.hr?page_id=24"},"modified":"2026-05-01T06:53:16","modified_gmt":"2026-05-01T05:53:16","slug":"vjencanja","status":"publish","type":"page","link":"https:\/\/svetaobitelj.hr\/?page_id=24","title":{"rendered":"Vjen\u010danja"},"content":{"rendered":"<p style=\"text-align: center;\"><em><strong>2026. GODINA<\/strong><\/em><\/p>\n<p style=\"text-align: center;\"><strong>Vjen\u010dani u sije\u010dnju:<\/strong><\/p>\n<p style=\"text-align: center;\">Antonio Damjanovi\u0107 i Ana Hodak<\/p>\n<p style=\"text-align: center;\"><strong>Vjen\u010dani u travnju:<\/strong><\/p>\n<p style=\"text-align: center;\">Filip Oluji\u0107 i Mateja Novoseli\u0107,<br \/>\nKre\u0161imir Markovi\u0107 i Ana Duki\u0107<\/p>\n<p style=\"text-align: center;\"><em><strong>2025. GODINA<\/strong><\/em><\/p>\n<p style=\"text-align: center;\"><strong>Vjen\u010dani u sije\u010dnju:<\/strong><\/p>\n<p style=\"text-align: center;\">Ivan Erva\u010dinovi\u0107 i Maja Erva\u010dinovi\u0107 r. Milinkovi\u0107<\/p>\n<p style=\"text-align: center;\"><strong>Vjen\u010dani u svibnju:<\/strong><\/p>\n<p style=\"text-align: center;\">Dalibor Radi\u0161a i Mateja Radi\u0161a r. Borovec,<br \/>\nZvonimir Mr\u0161o i Karla Kurbali\u0107,<br \/>\nMato Kne\u017eevi\u0107 i Ena \u0160er,<br \/>\nLuka Magdi\u0107 i Ana Erkapi\u0107<\/p>\n<p style=\"text-align: center;\"><strong>Vjen\u010dani u lipnju:<\/strong><\/p>\n<p style=\"text-align: center;\">Mario Pavi\u0107 i Anamarija Niki\u0107,<br \/>\nAntonio \u010ci\u010dak i Ana Milosavljevi\u0107<\/p>\n<p style=\"text-align: center;\"><strong>Vjen\u010dani u srpnju:<\/strong><\/p>\n<p style=\"text-align: center;\">Tomislav Sala\u0161ki i Gabrijela Rebeka Stankovi\u0107<\/p>\n<p style=\"text-align: center;\"><strong>Vjen\u010dani u rujnu:<\/strong><\/p>\n<p style=\"text-align: center;\">Zlatko \u0160pringer i Iva Mikola\u0161,<br \/>\nKre\u0161imir Mili\u010di\u0107 i Stela Milas,<br \/>\nAntonio Re\u0111a i Ivona Budim\u010di\u0107,<br \/>\nTomislav Zame\u010dnik i Ivana Becker,<br \/>\nMarko Vrebac i Dina Vidakovi\u0107<\/p>\n<p style=\"text-align: center;\"><strong>Vjen\u010dani u listopadu:<\/strong><\/p>\n<p style=\"text-align: center;\">Dino Vere\u0161 i Matea Rado,<br \/>\nDario Marendi\u0107 i Aleksandra Ban\u010di\u0107,<br \/>\nKarlo Vlaini\u0107 i Sara Kri\u017eanovi\u0107<\/p>\n<p style=\"text-align: center;\"><em><strong>2024. GODINA<\/strong><\/em><\/p>\n<p style=\"text-align: center;\"><strong>Vjen\u010dani u sije\u010dnju:<\/strong><\/p>\n<p style=\"text-align: center;\">Dejan Manovi\u0107 i Tena Manovi\u0107 r. Te\u0161anac,<br \/>\nTomislav Duvnjak i Arijela Embre\u0161i\u0107<\/p>\n<p style=\"text-align: center;\"><strong>Vjen\u010dani u travnju:<\/strong><\/p>\n<p style=\"text-align: center;\">Ivan Vukomanovi\u0107 i Inga Orgona\u0161<\/p>\n<p style=\"text-align: center;\"><strong>Vjen\u010dani u svibnju:<\/strong><\/p>\n<p style=\"text-align: center;\">Branimir Kri\u017ean i Ena Topolov\u010dan<\/p>\n<p style=\"text-align: center;\"><strong>Vjen\u010dani u lipnju:<\/strong><\/p>\n<p style=\"text-align: center;\">Josip \u0160ari\u0107 i Anja \u010cerka\u0161in,<br \/>\nLuka Sep i Mihaela Rogulji\u0107,<br \/>\nStipe Babi\u0107 i Klaudija Grgi\u0107<\/p>\n<p style=\"text-align: center;\"><strong>Vjen\u010dani u srpnju:<\/strong><\/p>\n<p style=\"text-align: center;\">Afshan Charanya i Viktorija Andra\u0161ek<\/p>\n<p style=\"text-align: center;\"><strong>Vjen\u010dani u kolovozu:<\/strong><\/p>\n<p style=\"text-align: center;\">Marijan Mijatovi\u0107 i Gabrijela \u0160vitek,<br \/>\nMario Mihaljevi\u0107 i Daria Zdrav\u010devi\u0107<\/p>\n<p style=\"text-align: center;\"><strong>Vjen\u010dani u rujnu:<\/strong><\/p>\n<p style=\"text-align: center;\">Karlo Sele\u0161 i Laura Vili\u0107,<br \/>\nIvan Kanisek i Lea Toma\u0161ek,<br \/>\nKarlo Petar Martinovi\u0107 i Ivona Duda\u0161<\/p>\n<p style=\"text-align: center;\"><strong>Vjen\u010dani u listopadu:<\/strong><\/p>\n<p style=\"text-align: center;\">Josip Spi\u0161i\u0107 i Ozana Prisuda,<br \/>\nMarko Pavlovi\u0107 i Rebeka Ivankovi\u0107,<br \/>\nLuka Jakovac i Barbara \u017duro Jakovac<\/p>\n<p style=\"text-align: center;\"><strong>Vjen\u010dani u studenome:<\/strong><\/p>\n<p style=\"text-align: center;\">Franko Gaguli\u0107 i Katarina Suba\u0161i\u0107,<br \/>\nMarko Rako i Matea Mili\u0107<\/p>\n<p style=\"text-align: center;\"><em><strong>2023. GODINA<\/strong><\/em><\/p>\n<p style=\"text-align: center;\"><strong>Vjen\u010dani u travnju:<\/strong><\/p>\n<p style=\"text-align: center;\">Lovre Gali\u0107 i Valentina Romi\u0107<\/p>\n<p style=\"text-align: center;\"><strong>Vjen\u010dani u svibnju:<\/strong><\/p>\n<p style=\"text-align: center;\">Petar Novak i Nera Engler,<br \/>\nJosip Komljenovi\u0107 i Tea Kristi\u0107,<br \/>\nDavor Keda\u010di\u0107 i Matea Tisaj,<br \/>\nPetar Brajkovi\u0107 i Ivana Vuleti\u0107<\/p>\n<p style=\"text-align: center;\"><strong>Vjen\u010dani u lipnju:<\/strong><\/p>\n<p style=\"text-align: center;\">Tomislav \u0160trkalj i Ela Deskar,<br \/>\nZoran Hani\u017ejar i Danijela Hani\u017ejar r. Atanackovi\u0107,<br \/>\nJosip Cvetkovi\u0107 i Anamarija \u0160tibi,<br \/>\nIvan Peranovi\u0107 i Ivona Mihaljevi\u0107<\/p>\n<p style=\"text-align: center;\"><strong>Vjen\u010dani u kolovozu:<\/strong><\/p>\n<p style=\"text-align: center;\">Sven Grizbaher i Aneta Josi\u0107,<br \/>\nMislav Su\u010di\u0107 i Ivona Mari\u0107,<br \/>\nJosip Vidovi\u0107 i Tihana Vidovi\u0107 r. Rude\u017e<\/p>\n<p style=\"text-align: center;\"><strong>Vjen\u010dani u rujnu:<\/strong><\/p>\n<p style=\"text-align: center;\">Bo\u017eo Knezovi\u0107 i Elizabeta Jakovac,<br \/>\nMateo Mlinarevi\u0107 i Tena Mlinarevi\u0107 r. \u0160afran,<br \/>\nDino Poljak i Katarina Major,<br \/>\nJosip Kova\u010devi\u0107 i Valerija Kova\u010devi\u0107 r. Kadi\u0107,<br \/>\nLuka \u0160ulava i Ivana Biondi\u0107<\/p>\n<p style=\"text-align: center;\"><strong>Vjen\u010dani u rujnu:<\/strong><\/p>\n<p style=\"text-align: center;\">Kristijan Vuleti\u0107 i Marinella Laferton,<br \/>\nKre\u0161imir Novinc i Ivana Farka\u0161,<br \/>\nMarijan Kuzman i Ivona Te\u0161ija<\/p>\n<p style=\"text-align: center;\"><em><strong>2022. GODINA<\/strong><\/em><\/p>\n<p style=\"text-align: center;\"><strong>Vjen\u010dani u velja\u010di:<\/strong><\/p>\n<p style=\"text-align: center;\">Kre\u0161imir \u0160imac i Nikolina Mikola,<br \/>\nAnte Bagara i Snje\u017eana Bubalo<\/p>\n<p style=\"text-align: center;\"><strong>Vjen\u010dani u travnju:<\/strong><\/p>\n<p style=\"text-align: center;\">Filip Maras i Ines Koi\u0107<\/p>\n<p style=\"text-align: center;\"><strong>Vjen\u010dani u svibnju:<\/strong><\/p>\n<p style=\"text-align: center;\">Ivan Rado i Matea Ko\u0161\u0107ak,<br \/>\nMiro Erkapi\u0107 i Ivana Erkapi\u0107 r. Gruj\u010di\u0107,<br \/>\nBernard Vujnovi\u0107 i Maja Greber,<br \/>\nStjepan Juri\u010d i Katarina Buki\u0107<\/p>\n<p style=\"text-align: center;\"><strong>Vjen\u010dani u lipnju:<\/strong><\/p>\n<p style=\"text-align: center;\">Luka Lesko i Zlata Krsti\u0107,<br \/>\nVinko Crnjac i Iva Vuku\u0161i\u0107,<br \/>\nAntonio Pand\u017ei\u0107 i Ana Marija Pand\u017ei\u0107 r. Gali\u0107,<br \/>\nDominik Franji\u0107 i Antonia Vidas,<br \/>\nDomagoj Golek i Vi\u0161nja Mari\u0107,<br \/>\nMatej Sarka i Ana Klusko<\/p>\n<p style=\"text-align: center;\"><strong>Vjen\u010dani u srpnju:<\/strong><\/p>\n<p style=\"text-align: center;\">Igor Koba\u0161evi\u0107 i Martina Koba\u0161evi\u0107 r. \u0160ek<\/p>\n<p style=\"text-align: center;\"><strong>Vjen\u010dani u rujnu:<\/strong><\/p>\n<p style=\"text-align: center;\">Mario Sta\u017ei\u0107 i Sara Mihi\u0107,<br \/>\nMarijan \u0160tefan\u010di\u0107 i Anita Fran\u010de\u0161evi\u0107<\/p>\n<p style=\"text-align: center;\"><strong>Vjen\u010dani u listopadu:<\/strong><\/p>\n<p style=\"text-align: center;\">Josip Sataj i Lucija Grepo,<br \/>\nMarko Sen\u010danin i Katarina Biter,<br \/>\nFerdinand Durgel i Matea Kekez<\/p>\n<p style=\"text-align: center;\"><strong>Vjen\u010dani u prosincu:<\/strong><\/p>\n<p style=\"text-align: center;\">Robert Fla\u010der i Ivana \u010cepo<\/p>\n<p style=\"text-align: center;\"><em><strong>2021. GODINA<\/strong><\/em><\/p>\n<p style=\"text-align: center;\"><strong>Vjen\u010dani u travnju:<\/strong><\/p>\n<p style=\"text-align: center;\">Marko i Katarina Ha\u0161\u010dek<\/p>\n<p style=\"text-align: center;\"><strong>Vjen\u010dani u svibnju:<\/strong><\/p>\n<p style=\"text-align: center;\">Davor Pe\u0161ut i Ivana Bo\u017ei\u0107<\/p>\n<p style=\"text-align: center;\"><strong>Vjen\u010dani u lipnju:<\/strong><\/p>\n<p style=\"text-align: center;\">Marko Prekrat i Ivana Mili\u010devi\u0107,<br \/>\nMislav Gugi\u0107 i Ivana Madunovi\u0107 Gugi\u0107<\/p>\n<p style=\"text-align: center;\"><strong>Vjen\u010dani u kolovozu:<\/strong><\/p>\n<p style=\"text-align: center;\">Marko Skorup i Kristina Kova\u010di\u0107,<br \/>\nKre\u0161imir Veinberger i Dajana Ivan\u010di\u0107,<br \/>\nJosip Erceg i Nikolina Valentekovi\u0107,<br \/>\nDanijel Gaji\u0107 i Snje\u017eana Plu\u010dinski,<br \/>\nIvan \u0160korjanc i Andreja \u010ci\u010dek,<br \/>\nSilvio Muk i Tihana Perasovi\u0107,<br \/>\nBoris Mihaljec i Mia Mihaljec r. Bestvina<\/p>\n<p style=\"text-align: center;\"><strong>Vjen\u010dani u rujnu:<\/strong><\/p>\n<p style=\"text-align: center;\">Robert Hrani\u0107 i Valentina Vujeva,<br \/>\nRobin Horvat i Marija Gregi\u0107,<br \/>\nTomislav Suvala i Katarina Mandi\u0107,<br \/>\nGoran \u0110api\u0107 i Maria Bili\u0107-Dujmu\u0161i\u0107,<br \/>\nFilip Filipovi\u0107 i Anita \u010calo<\/p>\n<p style=\"text-align: center;\"><strong>Vjen\u010dani u listopadu:<\/strong><\/p>\n<p style=\"text-align: center;\">Mate Pand\u017ei\u0107 i Lucija \u017dnidar\u0161i\u0107<\/p>\n<p style=\"text-align: center;\"><em><strong>2020. GODINA<\/strong><\/em><\/p>\n<p style=\"text-align: center;\"><strong>Vjen\u010dani u lipnju:<\/strong><\/p>\n<p style=\"text-align: center;\">Ivan Kakalicis i Marina Ani\u0107<\/p>\n<p style=\"text-align: center;\"><strong>Vjen\u010dani u srpnju:<\/strong><\/p>\n<p style=\"text-align: center;\">Danijel Tomi\u0107 i Gorana Pavlovi\u0107,<br \/>\nStjepan Vukadin i Ana Mertz<\/p>\n<p style=\"text-align: center;\"><strong>Vjen\u010dani u kolovozu:<\/strong><\/p>\n<p style=\"text-align: center;\">Ana \u0106uri\u0107 i Vinko U\u017earevi\u0107<\/p>\n<p style=\"text-align: center;\"><strong>Vjen\u010dani u listopadu:<\/strong><\/p>\n<p style=\"text-align: center;\">Antonio Jal\u017eabeti\u0107 i Andrea Ke\u010dinovi\u0107<\/p>\n<p style=\"text-align: center;\"><strong>Vjen\u010dani u prosincu:<\/strong><\/p>\n<p style=\"text-align: center;\">Matej Juzba\u0161i\u0107 i Lucija Grabovac<\/p>\n<p style=\"text-align: center;\"><em><strong>2019. GODINA<\/strong><\/em><\/p>\n<p style=\"text-align: center;\"><strong>Vjen\u010dani u travnju:<\/strong><\/p>\n<p style=\"text-align: center;\">Dino Kri\u017eanovi\u0107 i Dubravka Brozd,<br \/>\nTomislav Kova\u010d i Dajana \u0160teti\u0107,<br \/>\nKristijan Panjkov i Matea \u0160erbed\u017ei\u0107<\/p>\n<p style=\"text-align: center;\"><strong>Vjen\u010dani u svibnju:<\/strong><\/p>\n<p style=\"text-align: center;\">Goran Nikol\u010di\u0107 i Nikolina Pavlovi\u0107,<br \/>\nDino \u0160krobar i Nevena Vidovi\u0107,<br \/>\nIgor Dropuli\u0107 i Ana-Marija Schnitzer,<br \/>\nGoran Domitrovi\u0107 i Dolores Mili\u010di\u0107,<br \/>\nVladimir i Oriana \u017divkovi\u0107<\/p>\n<p style=\"text-align: center;\"><strong>Vjen\u010dani u lipnju:<\/strong><\/p>\n<p style=\"text-align: center;\">Matej \u0160koro i Lucija Bo\u0161njak,<br \/>\nIgor Moze\u0161 i Vedrana Josipa Grgi\u0107<\/p>\n<p style=\"text-align: center;\"><strong>Vjen\u010dani u srpnju:<\/strong><\/p>\n<p style=\"text-align: center;\">\u0110email Polimac i An\u0111elka Buzjak,<br \/>\nDra\u017een Kor\u0161o\u0161 i Ivana Janjatovi\u0107<\/p>\n<p style=\"text-align: center;\"><strong>Vjen\u010dani u kolovozu:<\/strong><\/p>\n<p style=\"text-align: center;\">Mario Petrovi\u0107 i Marijana Peji\u0107,<br \/>\nTomislav Cikovi\u0107 i Ana Rimac<\/p>\n<p style=\"text-align: center;\"><strong>Vjen\u010dani u rujnu:<\/strong><\/p>\n<p style=\"text-align: center;\">Alen Svoren i Ana \u2013 Marija \u0160ola,<br \/>\nDino Do\u0161en i Marta Granat,<br \/>\nDavor Zec i Ru\u017eica Toki\u0107<\/p>\n<p style=\"text-align: center;\"><strong>Vjen\u010dani u listopadu:<\/strong><\/p>\n<p style=\"text-align: center;\">Antun Orozovi\u0107 i Martina \u017dulj,<br \/>\nToni Pe\u0161o i Ana \u0160klebek<\/p>\n<p style=\"text-align: center;\"><strong>Vjen\u010dani u studenom:<\/strong><\/p>\n<p style=\"text-align: center;\">Pavao Kova\u010devi\u0107 i Lucija Ple\u0161a<\/p>\n<p style=\"text-align: center;\"><strong>Vjen\u010dani u prosincu:<\/strong><\/p>\n<p style=\"text-align: center;\">Mario Ursa i Antonia Varga<\/p>\n<p style=\"text-align: center;\"><em><strong>2018. GODINA<\/strong><\/em><\/p>\n<p style=\"text-align: center;\"><strong>Vjen\u010dani u sije\u010dnju:<\/strong><\/p>\n<p style=\"text-align: center;\">Igor Milanko i Viktorija Lovri\u0107<\/p>\n<p style=\"text-align: center;\"><strong>Vjen\u010dani u velja\u010di:<\/strong><\/p>\n<p style=\"text-align: center;\">Andrej Paulus i Barbara \u0160teovi\u0107<\/p>\n<p style=\"text-align: center;\"><strong>Vjen\u010dani u travnju:<\/strong><\/p>\n<p style=\"text-align: center;\">Zdenko Ivan Tuthorn i Karmen \u2013 Marija Tuthorn r. Pajtler,<br \/>\nBo\u017eidar Androji\u0107 i Ana Mikuli\u0107<\/p>\n<p style=\"text-align: center;\"><strong>Vjen\u010dani u svibnju:<\/strong><\/p>\n<p style=\"text-align: center;\">Tomislav \u0160imi\u0107 i \u017deljka Ba\u0161i\u0107,<br \/>\nAlan Badrov i Josipa Milo\u0161evi\u0107,<br \/>\nLuka Vu\u010dko i Mirjana Bota,<br \/>\nIgor Krsti\u0107 i Ana Leventi\u0107<\/p>\n<p style=\"text-align: center;\"><strong>Vjen\u010dani u lipnju:<\/strong><\/p>\n<p style=\"text-align: center;\">Mario Lopar i Doris Pori\u0107,<br \/>\nMario \u0106aleta i Ines Sabo,<br \/>\nKristian Ov\u010darik i Ivana \u010calo,<br \/>\nDanijel Kraja\u010di\u0107 i Paula Barbari\u0107<\/p>\n<p style=\"text-align: center;\"><strong>Vjen\u010dani u srpnju:<\/strong><\/p>\n<p style=\"text-align: center;\">Hrvoje Vrki\u0107 i Ida \u0110umlija,<br \/>\nDario Birti\u0107 i \u0160tefica \u0160o\u0161tari\u0107,<br \/>\nDanijel Bari\u0161i\u0107 i Ana Marija Sudar<\/p>\n<p style=\"text-align: center;\"><strong>Vjen\u010dani u kolovozu:<\/strong><\/p>\n<p style=\"text-align: center;\">Dejan Hunjek i Dragica Ceperni\u0107,<br \/>\nIvan Stazi\u0107 i Antonia Pole\u0161ak<\/p>\n<p style=\"text-align: center;\"><strong>Vjen\u010dani u rujnu:<\/strong><\/p>\n<p style=\"text-align: center;\">Stjepan Miljani\u0107 i Marijana Kne\u017eevi\u0107 Miljani\u0107,<br \/>\nTomislav Dra\u010da i Barbara Mihi\u0107,<br \/>\nFilip Kuna i Sara Babi\u0107,<br \/>\nStefan Horvat i Tamara Efendi\u0107,<br \/>\nDino \u0106uri\u0107 i \u017deljka Bre\u0161ki\u0107<\/p>\n<p style=\"text-align: center;\"><strong>Vjen\u010dani u listopadu:<\/strong><\/p>\n<p style=\"text-align: center;\">Mario Rado\u010daj i Sanela Juri\u0161i\u0107<\/p>\n","protected":false},"excerpt":{"rendered":"<p>2026. GODINA Vjen\u010dani u sije\u010dnju: Antonio Damjanovi\u0107 i Ana Hodak Vjen\u010dani u travnju: Filip Oluji\u0107 i Mateja Novoseli\u0107, Kre\u0161imir Markovi\u0107 i Ana Duki\u0107 2025. GODINA Vjen\u010dani u sije\u010dnju: Ivan Erva\u010dinovi\u0107 i Maja Erva\u010dinovi\u0107 r. Milinkovi\u0107 Vjen\u010dani u svibnju: Dalibor Radi\u0161a i Mateja Radi\u0161a r. Borovec, Zvonimir Mr\u0161o i Karla Kurbali\u0107, Mato Kne\u017eevi\u0107 i Ena \u0160er, <a href=\"https:\/\/svetaobitelj.hr\/?page_id=24\" class=\"more-link\">[&hellip;]<\/a><\/p>\n","protected":false},"author":2,"featured_media":0,"parent":0,"menu_order":0,"comment_status":"closed","ping_status":"closed","template":"","meta":{"footnotes":""},"class_list":["entry","author-","post-24","page","type-page","status-publish"],"_links":{"self":[{"href":"https:\/\/svetaobitelj.hr\/index.php?rest_route=\/wp\/v2\/pages\/24","targetHints":{"allow":["GET"]}}],"collection":[{"href":"https:\/\/svetaobitelj.hr\/index.php?rest_route=\/wp\/v2\/pages"}],"about":[{"href":"https:\/\/svetaobitelj.hr\/index.php?rest_route=\/wp\/v2\/types\/page"}],"author":[{"embeddable":true,"href":"https:\/\/svetaobitelj.hr\/index.php?rest_route=\/wp\/v2\/users\/2"}],"replies":[{"embeddable":true,"href":"https:\/\/svetaobitelj.hr\/index.php?rest_route=%2Fwp%2Fv2%2Fcomments&post=24"}],"version-history":[{"count":65,"href":"https:\/\/svetaobitelj.hr\/index.php?rest_route=\/wp\/v2\/pages\/24\/revisions"}],"predecessor-version":[{"id":4144,"href":"https:\/\/svetaobitelj.hr\/index.php?rest_route=\/wp\/v2\/pages\/24\/revisions\/4144"}],"wp:attachment":[{"href":"https:\/\/svetaobitelj.hr\/index.php?rest_route=%2Fwp%2Fv2%2Fmedia&parent=24"}],"curies":[{"name":"wp","href":"https:\/\/api.w.org\/{rel}","templated":true}]}}