{"id":200,"date":"2018-03-13T12:17:14","date_gmt":"2018-03-13T11:17:14","guid":{"rendered":"http:\/\/svetaobitelj.hr\/?page_id=200"},"modified":"2025-02-01T09:30:52","modified_gmt":"2025-02-01T08:30:52","slug":"citaci","status":"publish","type":"page","link":"https:\/\/svetaobitelj.hr\/?page_id=200","title":{"rendered":"\u010cita\u010di"},"content":{"rendered":"<p>Voditelj skupine \u010dita\u010da je fra Dragutin Bedeni\u010di\u0107. Susreti su prema potrebi.<\/p>\n","protected":false},"excerpt":{"rendered":"<p>Voditelj skupine \u010dita\u010da je fra Dragutin Bedeni\u010di\u0107. Susreti su prema potrebi.<\/p>\n","protected":false},"author":3,"featured_media":0,"parent":0,"menu_order":0,"comment_status":"closed","ping_status":"closed","template":"","meta":{"footnotes":""},"class_list":["entry","author-klik","post-200","page","type-page","status-publish"],"_links":{"self":[{"href":"https:\/\/svetaobitelj.hr\/index.php?rest_route=\/wp\/v2\/pages\/200","targetHints":{"allow":["GET"]}}],"collection":[{"href":"https:\/\/svetaobitelj.hr\/index.php?rest_route=\/wp\/v2\/pages"}],"about":[{"href":"https:\/\/svetaobitelj.hr\/index.php?rest_route=\/wp\/v2\/types\/page"}],"author":[{"embeddable":true,"href":"https:\/\/svetaobitelj.hr\/index.php?rest_route=\/wp\/v2\/users\/3"}],"replies":[{"embeddable":true,"href":"https:\/\/svetaobitelj.hr\/index.php?rest_route=%2Fwp%2Fv2%2Fcomments&post=200"}],"version-history":[{"count":6,"href":"https:\/\/svetaobitelj.hr\/index.php?rest_route=\/wp\/v2\/pages\/200\/revisions"}],"predecessor-version":[{"id":3616,"href":"https:\/\/svetaobitelj.hr\/index.php?rest_route=\/wp\/v2\/pages\/200\/revisions\/3616"}],"wp:attachment":[{"href":"https:\/\/svetaobitelj.hr\/index.php?rest_route=%2Fwp%2Fv2%2Fmedia&parent=200"}],"curies":[{"name":"wp","href":"https:\/\/api.w.org\/{rel}","templated":true}]}}