{"id":171,"date":"2018-03-12T16:17:16","date_gmt":"2018-03-12T15:17:16","guid":{"rendered":"http:\/\/svetaobitelj.hr\/?page_id=171"},"modified":"2026-03-20T10:50:37","modified_gmt":"2026-03-20T09:50:37","slug":"misijska-skupina","status":"publish","type":"page","link":"https:\/\/svetaobitelj.hr\/?page_id=171","title":{"rendered":"Misijska skupina"},"content":{"rendered":"<p>Misijsku skupinu u \u017dupi vodi Tatjana \u0160arga\u010d. \u010clanovi su: Mirta Jakovac, Leonard Pon, Filipina \u0160arga\u010d, Marija Grahovac, Ana \u0160imovi\u0107, Tatjana \u0160arga\u010d.<\/p>\n","protected":false},"excerpt":{"rendered":"<p>Misijsku skupinu u \u017dupi vodi Tatjana \u0160arga\u010d. \u010clanovi su: Mirta Jakovac, Leonard Pon, Filipina \u0160arga\u010d, Marija Grahovac, Ana \u0160imovi\u0107, Tatjana \u0160arga\u010d.<\/p>\n","protected":false},"author":3,"featured_media":0,"parent":0,"menu_order":0,"comment_status":"closed","ping_status":"closed","template":"","meta":{"footnotes":""},"class_list":["entry","author-klik","post-171","page","type-page","status-publish"],"_links":{"self":[{"href":"https:\/\/svetaobitelj.hr\/index.php?rest_route=\/wp\/v2\/pages\/171","targetHints":{"allow":["GET"]}}],"collection":[{"href":"https:\/\/svetaobitelj.hr\/index.php?rest_route=\/wp\/v2\/pages"}],"about":[{"href":"https:\/\/svetaobitelj.hr\/index.php?rest_route=\/wp\/v2\/types\/page"}],"author":[{"embeddable":true,"href":"https:\/\/svetaobitelj.hr\/index.php?rest_route=\/wp\/v2\/users\/3"}],"replies":[{"embeddable":true,"href":"https:\/\/svetaobitelj.hr\/index.php?rest_route=%2Fwp%2Fv2%2Fcomments&post=171"}],"version-history":[{"count":8,"href":"https:\/\/svetaobitelj.hr\/index.php?rest_route=\/wp\/v2\/pages\/171\/revisions"}],"predecessor-version":[{"id":4087,"href":"https:\/\/svetaobitelj.hr\/index.php?rest_route=\/wp\/v2\/pages\/171\/revisions\/4087"}],"wp:attachment":[{"href":"https:\/\/svetaobitelj.hr\/index.php?rest_route=%2Fwp%2Fv2%2Fmedia&parent=171"}],"curies":[{"name":"wp","href":"https:\/\/api.w.org\/{rel}","templated":true}]}}