{"id":168,"date":"2018-03-12T16:16:49","date_gmt":"2018-03-12T15:16:49","guid":{"rendered":"http:\/\/svetaobitelj.hr\/?page_id=168"},"modified":"2019-01-13T19:36:10","modified_gmt":"2019-01-13T18:36:10","slug":"karitativna-skupina","status":"publish","type":"page","link":"https:\/\/svetaobitelj.hr\/?page_id=168","title":{"rendered":"Karitativna skupina"},"content":{"rendered":"<p>Karitativnu skupinu u \u017dupi vodi Tatjana \u0160arga\u010d.<\/p>\n","protected":false},"excerpt":{"rendered":"<p>Karitativnu skupinu u \u017dupi vodi Tatjana \u0160arga\u010d.<\/p>\n","protected":false},"author":3,"featured_media":0,"parent":0,"menu_order":0,"comment_status":"closed","ping_status":"closed","template":"","meta":{"footnotes":""},"class_list":["entry","author-klik","post-168","page","type-page","status-publish"],"_links":{"self":[{"href":"https:\/\/svetaobitelj.hr\/index.php?rest_route=\/wp\/v2\/pages\/168","targetHints":{"allow":["GET"]}}],"collection":[{"href":"https:\/\/svetaobitelj.hr\/index.php?rest_route=\/wp\/v2\/pages"}],"about":[{"href":"https:\/\/svetaobitelj.hr\/index.php?rest_route=\/wp\/v2\/types\/page"}],"author":[{"embeddable":true,"href":"https:\/\/svetaobitelj.hr\/index.php?rest_route=\/wp\/v2\/users\/3"}],"replies":[{"embeddable":true,"href":"https:\/\/svetaobitelj.hr\/index.php?rest_route=%2Fwp%2Fv2%2Fcomments&post=168"}],"version-history":[{"count":3,"href":"https:\/\/svetaobitelj.hr\/index.php?rest_route=\/wp\/v2\/pages\/168\/revisions"}],"predecessor-version":[{"id":659,"href":"https:\/\/svetaobitelj.hr\/index.php?rest_route=\/wp\/v2\/pages\/168\/revisions\/659"}],"wp:attachment":[{"href":"https:\/\/svetaobitelj.hr\/index.php?rest_route=%2Fwp%2Fv2%2Fmedia&parent=168"}],"curies":[{"name":"wp","href":"https:\/\/api.w.org\/{rel}","templated":true}]}}