{"id":53,"date":"2018-02-18T03:06:14","date_gmt":"2018-02-18T03:06:14","guid":{"rendered":"https:\/\/svetaobitelj.hr?page_id=53"},"modified":"2023-05-31T07:58:04","modified_gmt":"2023-05-31T06:58:04","slug":"zev","status":"publish","type":"page","link":"http:\/\/svetaobitelj.hr\/?page_id=53","title":{"rendered":"\u017dEV"},"content":{"rendered":"<p>\u010cLANOVI \u017dEV-a do 01. travnja 2027.<\/p>\n<p>1. fra Dragutin Bedeni\u010di\u0107, \u017eupnik, r. 1967., Pa\u0161ka 35a<br \/>\n2. Stipe Crnkovi\u0107, umirovljeni branitelj, r. 1969., Trpanjska 7<br \/>\n3. Andrijana Jozanovi\u0107, farmaceutski tehni\u010dar, r. 1977., Rapska 31<br \/>\n4. \u017deljka Kne\u017eevi\u0107, prvostupnica ekonomije, r. 1982., Pa\u0161ka 25<br \/>\n5. Milan Vrdoljak, trgovac, r. 1967., \u0160ibenska 28<\/p>\n","protected":false},"excerpt":{"rendered":"<p>\u010cLANOVI \u017dEV-a do 01. travnja 2027. 1. fra Dragutin Bedeni\u010di\u0107, \u017eupnik, r. 1967., Pa\u0161ka 35a 2. Stipe Crnkovi\u0107, umirovljeni branitelj, r. 1969., Trpanjska 7 3. Andrijana Jozanovi\u0107, farmaceutski tehni\u010dar, r. 1977., Rapska 31 4. \u017deljka Kne\u017eevi\u0107, prvostupnica ekonomije, r. 1982., Pa\u0161ka 25 5. Milan Vrdoljak, trgovac, r. 1967., \u0160ibenska 28<\/p>\n","protected":false},"author":2,"featured_media":0,"parent":0,"menu_order":0,"comment_status":"closed","ping_status":"closed","template":"","meta":{"footnotes":""},"class_list":["entry","author-","post-53","page","type-page","status-publish"],"_links":{"self":[{"href":"http:\/\/svetaobitelj.hr\/index.php?rest_route=\/wp\/v2\/pages\/53","targetHints":{"allow":["GET"]}}],"collection":[{"href":"http:\/\/svetaobitelj.hr\/index.php?rest_route=\/wp\/v2\/pages"}],"about":[{"href":"http:\/\/svetaobitelj.hr\/index.php?rest_route=\/wp\/v2\/types\/page"}],"author":[{"embeddable":true,"href":"http:\/\/svetaobitelj.hr\/index.php?rest_route=\/wp\/v2\/users\/2"}],"replies":[{"embeddable":true,"href":"http:\/\/svetaobitelj.hr\/index.php?rest_route=%2Fwp%2Fv2%2Fcomments&post=53"}],"version-history":[{"count":7,"href":"http:\/\/svetaobitelj.hr\/index.php?rest_route=\/wp\/v2\/pages\/53\/revisions"}],"predecessor-version":[{"id":2791,"href":"http:\/\/svetaobitelj.hr\/index.php?rest_route=\/wp\/v2\/pages\/53\/revisions\/2791"}],"wp:attachment":[{"href":"http:\/\/svetaobitelj.hr\/index.php?rest_route=%2Fwp%2Fv2%2Fmedia&parent=53"}],"curies":[{"name":"wp","href":"https:\/\/api.w.org\/{rel}","templated":true}]}}