{"id":177,"date":"2018-03-12T16:19:16","date_gmt":"2018-03-12T15:19:16","guid":{"rendered":"http:\/\/svetaobitelj.hr\/?page_id=177"},"modified":"2026-04-17T16:33:42","modified_gmt":"2026-04-17T15:33:42","slug":"zborovi","status":"publish","type":"page","link":"http:\/\/svetaobitelj.hr\/?page_id=177","title":{"rendered":"Zborovi"},"content":{"rendered":"<p>U \u017dupi postoje pjeva\u010dki zborovi:<br \/>\n&#8211; Mje\u0161oviti pjeva\u010dki zbor<br \/>\n&#8211; Ve\u010dernji zbor<\/p>\n","protected":false},"excerpt":{"rendered":"<p>U \u017dupi postoje pjeva\u010dki zborovi: &#8211; Mje\u0161oviti pjeva\u010dki zbor &#8211; Ve\u010dernji zbor<\/p>\n","protected":false},"author":3,"featured_media":0,"parent":0,"menu_order":0,"comment_status":"closed","ping_status":"closed","template":"","meta":{"footnotes":""},"class_list":["entry","author-klik","post-177","page","type-page","status-publish"],"_links":{"self":[{"href":"http:\/\/svetaobitelj.hr\/index.php?rest_route=\/wp\/v2\/pages\/177","targetHints":{"allow":["GET"]}}],"collection":[{"href":"http:\/\/svetaobitelj.hr\/index.php?rest_route=\/wp\/v2\/pages"}],"about":[{"href":"http:\/\/svetaobitelj.hr\/index.php?rest_route=\/wp\/v2\/types\/page"}],"author":[{"embeddable":true,"href":"http:\/\/svetaobitelj.hr\/index.php?rest_route=\/wp\/v2\/users\/3"}],"replies":[{"embeddable":true,"href":"http:\/\/svetaobitelj.hr\/index.php?rest_route=%2Fwp%2Fv2%2Fcomments&post=177"}],"version-history":[{"count":5,"href":"http:\/\/svetaobitelj.hr\/index.php?rest_route=\/wp\/v2\/pages\/177\/revisions"}],"predecessor-version":[{"id":4127,"href":"http:\/\/svetaobitelj.hr\/index.php?rest_route=\/wp\/v2\/pages\/177\/revisions\/4127"}],"wp:attachment":[{"href":"http:\/\/svetaobitelj.hr\/index.php?rest_route=%2Fwp%2Fv2%2Fmedia&parent=177"}],"curies":[{"name":"wp","href":"https:\/\/api.w.org\/{rel}","templated":true}]}}