{"id":16,"date":"2018-02-15T21:19:13","date_gmt":"2018-02-15T21:19:13","guid":{"rendered":"https:\/\/svetaobitelj.hr?page_id=16"},"modified":"2023-12-31T15:54:25","modified_gmt":"2023-12-31T14:54:25","slug":"raspored-misa","status":"publish","type":"page","link":"http:\/\/svetaobitelj.hr\/?page_id=16","title":{"rendered":"Raspored misa"},"content":{"rendered":"<p style=\"text-align: center;\"><strong>RADNIM DANOM:<\/strong><\/p>\n<p style=\"text-align: center;\">07:30h, 18:30h<\/p>\n<p style=\"text-align: center;\"><strong>BLAGDANIMA:<\/strong><\/p>\n<p style=\"text-align: center;\">07:30h, 18:30h<\/p>\n<p style=\"text-align: center;\"><strong>NEDJELJOM I SVETKOVINAMA:<\/strong><\/p>\n<p style=\"text-align: center;\">07:00h, 10:00h i 18:30h<\/p>\n<p style=\"text-align: center;\"><strong>DO\u0160A\u0160\u0106E:<\/strong><\/p>\n<p style=\"text-align: center;\">RADNIM DANOM: 6:00 h i 18:30h<\/p>\n<p style=\"text-align: center;\">NEDJELJA: 07:00h, 10:00h i 18:30h<\/p>\n","protected":false},"excerpt":{"rendered":"<p>RADNIM DANOM: 07:30h, 18:30h BLAGDANIMA: 07:30h, 18:30h NEDJELJOM I SVETKOVINAMA: 07:00h, 10:00h i 18:30h DO\u0160A\u0160\u0106E: RADNIM DANOM: 6:00 h i 18:30h NEDJELJA: 07:00h, 10:00h i 18:30h<\/p>\n","protected":false},"author":2,"featured_media":0,"parent":0,"menu_order":0,"comment_status":"closed","ping_status":"open","template":"","meta":{"footnotes":""},"class_list":["entry","author-","post-16","page","type-page","status-publish"],"_links":{"self":[{"href":"http:\/\/svetaobitelj.hr\/index.php?rest_route=\/wp\/v2\/pages\/16","targetHints":{"allow":["GET"]}}],"collection":[{"href":"http:\/\/svetaobitelj.hr\/index.php?rest_route=\/wp\/v2\/pages"}],"about":[{"href":"http:\/\/svetaobitelj.hr\/index.php?rest_route=\/wp\/v2\/types\/page"}],"author":[{"embeddable":true,"href":"http:\/\/svetaobitelj.hr\/index.php?rest_route=\/wp\/v2\/users\/2"}],"replies":[{"embeddable":true,"href":"http:\/\/svetaobitelj.hr\/index.php?rest_route=%2Fwp%2Fv2%2Fcomments&post=16"}],"version-history":[{"count":3,"href":"http:\/\/svetaobitelj.hr\/index.php?rest_route=\/wp\/v2\/pages\/16\/revisions"}],"predecessor-version":[{"id":3079,"href":"http:\/\/svetaobitelj.hr\/index.php?rest_route=\/wp\/v2\/pages\/16\/revisions\/3079"}],"wp:attachment":[{"href":"http:\/\/svetaobitelj.hr\/index.php?rest_route=%2Fwp%2Fv2%2Fmedia&parent=16"}],"curies":[{"name":"wp","href":"https:\/\/api.w.org\/{rel}","templated":true}]}}