{"id":13,"date":"2018-02-15T20:34:31","date_gmt":"2018-02-15T20:34:31","guid":{"rendered":"https:\/\/svetaobitelj.hr?page_id=13"},"modified":"2018-03-13T10:39:08","modified_gmt":"2018-03-13T09:39:08","slug":"povijest-zupe","status":"publish","type":"page","link":"http:\/\/svetaobitelj.hr\/?page_id=13","title":{"rendered":"Povijest \u017eupe"},"content":{"rendered":"<p>U Osijek na Jug bra\u0107a franjevci do\u0161li su na poziv tada\u0161njega \u0111akova\u010dkoga biskupa dr. Stjepana B\u00e4urleina koji je izdao dekret o uspostavi \u017eupe Svete Obitelji 20. prosinca 1967. godine, a s radom \u017eupa je zapo\u010dela 1. sije\u010dnja 1968. godine. Prvi upravitelj \u017eupe, fra Alipije Lau\u0161in,  stanovao je u  Franjeva\u010dkom samostanu u  Tvr\u0111i. Za potrebe \u017eupe kupljena je ku\u0107a u Mljetskoj 57 koja je adaptirana i preure\u0111ena u prostor za obavljanje bogoslu\u017eja  i  kasnije  vjerske pouke za djecu i mlade.<br \/>\nGodine 1972. zapo\u010dela je gradnja  nove crkve  Svete Obitelji  po  nacrtu  arhitekta  Mihajla  Biglbauera. Zemlji\u0161te za novu crkvu dobilo se izme\u0111u Pa\u0161ke, Hvarske i Mljetske ulice, s adresom Pa\u0161ka 35a. Kamen temeljac blagoslovio je 4. svibnja 1974. godine mons. \u0106iril Kos, \u0111akova\u010dki biskup. Na gradili\u0161tu crkve je 23. svibnja 1976. godine proslavljena prva krizma koju je primilo 198 krizmanika. Prva polno\u0107ka proslavljena je u nedovr\u0161enoj crkvi 24. prosinca 1979. godine. Donji dio crkve, tzv. donja crkva, blagoslovio je 18. listopada 1981. godine mons. \u0106iril Kos. Bogoslu\u017eja u donjoj crkvi po\u010dela su 1981. godine. Uz  novu  crkvu  bila je i  baraka  koja je slu\u017eila  za stanovanje  i  \u017eupni  ured. Godine 1982. zapo\u010dinje gradnja \u017eupne ku\u0107e  (Franjeva\u010dkog samostana) koji postaje useljiv 1987. godine. 1982.  godine  u  \u017eupu dolaze  \u010dasne sestre, Dru\u017ebe  K\u0107eri  Milosr\u0111a.<br \/>\n1991. godine pristupilo se ure\u0111enju gornje crkve. Zbog Domovinskog rata prekinuto je ure\u0111enje. Nakon zavr\u0161etka rata otklanjale su se  ratne materijalne \u0161tete da \u017eivot \u017eupe mo\u017ee normalno funkcionirati. Zatim se pristupilo i samom dovr\u0161enju crkve. Crkva ima gornji i donji dio. Gornja crkva ima la\u0111u u obliku elipse 28 x 20 metara. Gra\u0111ena je u modernom obliku. U donjem dijelu objekta je tzv. donja crkva u kojoj se slu\u017ee mise radnim danima, dvije dvorane, sakristija, predvorje, sanitarni \u010dvor, kotlovnica. U sklopu crkve je i toranj koji je napravljen u modernom stilu. Gornja crkva je ure\u0111ena 1998. godine. Na zidu je nacrtana velika slika Svete Obitelji sa pozadinom Osijeka koju je izradio fra Budimir Cvitkovi\u0107, kao i postaje kri\u017enoga puta koje je zapo\u010deo raditi fra Budimir, a zavr\u0161io g. Branimir Doroti\u0107, akademski slikar. 2008. godine, prigodom 40. obljetnice \u017eupe, ure\u0111en je okoli\u0161 ispred crkve, postavljen kip Gospe, kao i veliki metalni kri\u017e na pro\u010delje tornja te su postavljeni vitraji u gornjoj crkvi koje je izradio g. Branimir Doroti\u0107. 1. lipnja 2008. godine, mons. Marin Sraki\u0107, \u0111akova\u010dko &#8211; osje\u010dki nadbiskup, posvetio je crkvu te je tom prilikom u pod ispod oltara ugradio mo\u0107i bl. Marije Propetoga Isusa Petkovi\u0107.<br \/>\nNa teritoriju \u017eupe ima prema popisu stanovni\u0161tva oko 12 000 stanovnika od kojih prema podacima \u017eupnih obiteljskih listova te blagoslova obitelji, ima kontakt s crkvom oko 2900 obitelji s oko 8200 \u010dlanova.<br \/>\nSve\u010dana proslava pedesete obljetnice \u017dupe bila je 31. prosinca 2017. pod svetom misom u 11.00 sati koju je predslavio mons. \u0110uro Hrani\u0107, nadbiskup \u0111akova\u010dko-osje\u010dki.<br \/>\nU \u017eupi su dvije osmogodi\u0161nje \u0161kole: Tin Ujevi\u0107 i Grigor Vitez. \u010casne sestre Dru\u017ebe K\u0107eri Milosr\u0111a imaju samostan i dje\u010dji vrti\u0107 u Bakarskoj ulici 1.<br \/>\n\u017dupa Svete Obitelji pripada \u0110akova\u010dko-osje\u010dkoj nadbiskupiji, Osje\u010dkom isto\u010dnom dekanatu. Bra\u0107a franjevci koji djeluju u \u017eupi \u010dlanovi su Hrvatske franjeva\u010dke provincije sv. \u0106irila i Metoda, gvardijanatu Osje\u010dkom koji je u samostanu u Tvr\u0111i. <\/p>\n","protected":false},"excerpt":{"rendered":"<p>U Osijek na Jug bra\u0107a franjevci do\u0161li su na poziv tada\u0161njega \u0111akova\u010dkoga biskupa dr. Stjepana B\u00e4urleina koji je izdao dekret o uspostavi \u017eupe Svete Obitelji 20. prosinca 1967. godine, a s radom \u017eupa je zapo\u010dela 1. sije\u010dnja 1968. godine. Prvi upravitelj \u017eupe, fra Alipije Lau\u0161in, stanovao je u Franjeva\u010dkom samostanu u Tvr\u0111i. Za potrebe \u017eupe <a href=\"http:\/\/svetaobitelj.hr\/?page_id=13\" class=\"more-link\">[&hellip;]<\/a><\/p>\n","protected":false},"author":2,"featured_media":0,"parent":0,"menu_order":0,"comment_status":"closed","ping_status":"open","template":"","meta":{"footnotes":""},"class_list":["entry","author-","post-13","page","type-page","status-publish"],"_links":{"self":[{"href":"http:\/\/svetaobitelj.hr\/index.php?rest_route=\/wp\/v2\/pages\/13","targetHints":{"allow":["GET"]}}],"collection":[{"href":"http:\/\/svetaobitelj.hr\/index.php?rest_route=\/wp\/v2\/pages"}],"about":[{"href":"http:\/\/svetaobitelj.hr\/index.php?rest_route=\/wp\/v2\/types\/page"}],"author":[{"embeddable":true,"href":"http:\/\/svetaobitelj.hr\/index.php?rest_route=\/wp\/v2\/users\/2"}],"replies":[{"embeddable":true,"href":"http:\/\/svetaobitelj.hr\/index.php?rest_route=%2Fwp%2Fv2%2Fcomments&post=13"}],"version-history":[{"count":5,"href":"http:\/\/svetaobitelj.hr\/index.php?rest_route=\/wp\/v2\/pages\/13\/revisions"}],"predecessor-version":[{"id":187,"href":"http:\/\/svetaobitelj.hr\/index.php?rest_route=\/wp\/v2\/pages\/13\/revisions\/187"}],"wp:attachment":[{"href":"http:\/\/svetaobitelj.hr\/index.php?rest_route=%2Fwp%2Fv2%2Fmedia&parent=13"}],"curies":[{"name":"wp","href":"https:\/\/api.w.org\/{rel}","templated":true}]}}